{"id":143,"date":"2019-07-05T15:21:44","date_gmt":"2019-07-05T14:21:44","guid":{"rendered":"http:\/\/www.hahn-elektrotechnik.de\/?page_id=143"},"modified":"2019-08-08T11:51:53","modified_gmt":"2019-08-08T10:51:53","slug":"offene-stellen","status":"publish","type":"page","link":"https:\/\/www.hahn-elektrotechnik.de\/?page_id=143","title":{"rendered":"Offene Stellen"},"content":{"rendered":"\n<p>Wir suchen f\u00fcr unser Team!<\/p>\n\n\n\n<ul><li>Elektroniker f\u00fcr Energie- und Geb\u00e4udetechnik \/ Elektriker<\/li><li>Lehrlingsausbildung auf Anfrage<\/li><\/ul>\n\n\n\n<p>Bei Interesse, schicken Sie einfach eine kurze Vorstellung Ihrer Person per Email an p.werfling@hahn-elektrotechnik.de <\/p>\n","protected":false},"excerpt":{"rendered":"<p>Wir suchen f\u00fcr unser Team! Elektroniker f\u00fcr Energie- und Geb\u00e4udetechnik \/ Elektriker Lehrlingsausbildung auf Anfrage Bei Interesse, schicken Sie einfach eine kurze Vorstellung Ihrer Person per Email an p.werfling@hahn-elektrotechnik.de<\/p>\n","protected":false},"author":1,"featured_media":0,"parent":0,"menu_order":0,"comment_status":"closed","ping_status":"closed","template":"","meta":{"footnotes":""},"_links":{"self":[{"href":"https:\/\/www.hahn-elektrotechnik.de\/index.php?rest_route=\/wp\/v2\/pages\/143"}],"collection":[{"href":"https:\/\/www.hahn-elektrotechnik.de\/index.php?rest_route=\/wp\/v2\/pages"}],"about":[{"href":"https:\/\/www.hahn-elektrotechnik.de\/index.php?rest_route=\/wp\/v2\/types\/page"}],"author":[{"embeddable":true,"href":"https:\/\/www.hahn-elektrotechnik.de\/index.php?rest_route=\/wp\/v2\/users\/1"}],"replies":[{"embeddable":true,"href":"https:\/\/www.hahn-elektrotechnik.de\/index.php?rest_route=%2Fwp%2Fv2%2Fcomments&post=143"}],"version-history":[{"count":8,"href":"https:\/\/www.hahn-elektrotechnik.de\/index.php?rest_route=\/wp\/v2\/pages\/143\/revisions"}],"predecessor-version":[{"id":281,"href":"https:\/\/www.hahn-elektrotechnik.de\/index.php?rest_route=\/wp\/v2\/pages\/143\/revisions\/281"}],"wp:attachment":[{"href":"https:\/\/www.hahn-elektrotechnik.de\/index.php?rest_route=%2Fwp%2Fv2%2Fmedia&parent=143"}],"curies":[{"name":"wp","href":"https:\/\/api.w.org\/{rel}","templated":true}]}}