{"id":145,"date":"2019-07-05T15:21:44","date_gmt":"2019-07-05T14:21:44","guid":{"rendered":"http:\/\/www.hahn-elektrotechnik.de\/?page_id=145"},"modified":"2019-08-08T13:11:24","modified_gmt":"2019-08-08T12:11:24","slug":"geschaeftsfelder","status":"publish","type":"page","link":"https:\/\/www.hahn-elektrotechnik.de\/?page_id=145","title":{"rendered":"Gesch\u00e4ftsfelder"},"content":{"rendered":"\n<div class=\"wp-block-media-text alignwide\"><figure class=\"wp-block-media-text__media\"><img decoding=\"async\" loading=\"lazy\" width=\"1024\" height=\"768\" src=\"http:\/\/www.hahn-elektrotechnik.de\/wp-content\/uploads\/2019\/07\/Bild-459-1024x768.jpg\" alt=\"\" class=\"wp-image-270\" srcset=\"https:\/\/www.hahn-elektrotechnik.de\/wp-content\/uploads\/2019\/07\/Bild-459-1024x768.jpg 1024w, https:\/\/www.hahn-elektrotechnik.de\/wp-content\/uploads\/2019\/07\/Bild-459-300x225.jpg 300w, https:\/\/www.hahn-elektrotechnik.de\/wp-content\/uploads\/2019\/07\/Bild-459-768x576.jpg 768w, https:\/\/www.hahn-elektrotechnik.de\/wp-content\/uploads\/2019\/07\/Bild-459-700x525.jpg 700w, https:\/\/www.hahn-elektrotechnik.de\/wp-content\/uploads\/2019\/07\/Bild-459-2000x1500.jpg 2000w, https:\/\/www.hahn-elektrotechnik.de\/wp-content\/uploads\/2019\/07\/Bild-459-533x400.jpg 533w\" sizes=\"(max-width: 1024px) 100vw, 1024px\" \/><\/figure><div class=\"wp-block-media-text__content\">\n<p style=\"font-size:21px\"><a href=\"http:\/\/www.hahn-elektrotechnik.de\/?page_id=161\"><strong>Elektroinstallationen<\/strong><\/a><\/p>\n\n\n\n<p style=\"font-size:15px\"> Elektroinstallationen m\u00fcssen sorgf\u00e4ltig geplant und fachm\u00e4nnisch ausgef\u00fchrt werden: Wir stehen Ihnen daf\u00fcr gerne zur Verf\u00fcgung! <\/p>\n<\/div><\/div>\n\n\n\n<div style=\"height:34px\" aria-hidden=\"true\" class=\"wp-block-spacer\"><\/div>\n\n\n\n<div class=\"wp-block-media-text alignwide\"><figure class=\"wp-block-media-text__media\"><img decoding=\"async\" loading=\"lazy\" width=\"2592\" height=\"1944\" src=\"http:\/\/www.hahn-elektrotechnik.de\/wp-content\/uploads\/2013\/10\/Bild-228.jpg\" alt=\"\" class=\"wp-image-51\" srcset=\"https:\/\/www.hahn-elektrotechnik.de\/wp-content\/uploads\/2013\/10\/Bild-228.jpg 2592w, https:\/\/www.hahn-elektrotechnik.de\/wp-content\/uploads\/2013\/10\/Bild-228-300x225.jpg 300w, https:\/\/www.hahn-elektrotechnik.de\/wp-content\/uploads\/2013\/10\/Bild-228-1024x768.jpg 1024w\" sizes=\"(max-width: 2592px) 100vw, 2592px\" \/><\/figure><div class=\"wp-block-media-text__content\">\n<p style=\"font-size:21px\"><strong><a href=\"http:\/\/www.hahn-elektrotechnik.de\/?page_id=163\">Krananlagen<\/a><\/strong><\/p>\n\n\n\n<p>Unsere Leistungen im Bereich der Krananlagen umfassen unter anderem Neuinstallationen, Reparaturen und Wartungen. <\/p>\n<\/div><\/div>\n\n\n\n<div style=\"height:34px\" aria-hidden=\"true\" class=\"wp-block-spacer\"><\/div>\n\n\n\n<div class=\"wp-block-media-text alignwide\"><figure class=\"wp-block-media-text__media\"><img decoding=\"async\" loading=\"lazy\" width=\"1024\" height=\"768\" src=\"http:\/\/www.hahn-elektrotechnik.de\/wp-content\/uploads\/2013\/10\/DSC00059-1024x768.jpg\" alt=\"\" class=\"wp-image-50\" srcset=\"https:\/\/www.hahn-elektrotechnik.de\/wp-content\/uploads\/2013\/10\/DSC00059-1024x768.jpg 1024w, https:\/\/www.hahn-elektrotechnik.de\/wp-content\/uploads\/2013\/10\/DSC00059-300x225.jpg 300w, https:\/\/www.hahn-elektrotechnik.de\/wp-content\/uploads\/2013\/10\/DSC00059.jpg 2048w\" sizes=\"(max-width: 1024px) 100vw, 1024px\" \/><\/figure><div class=\"wp-block-media-text__content\">\n<p style=\"font-size:21px\"><strong><a href=\"http:\/\/www.hahn-elektrotechnik.de\/?page_id=162\">Verteilersysteme<\/a><\/strong><\/p>\n\n\n\n<p>Ob als Aufputz-, als Unterputz- oder als Hohlwandvariante; Wir installieren alle Verteilersysteme.  <\/p>\n<\/div><\/div>\n\n\n\n<div style=\"height:34px\" aria-hidden=\"true\" class=\"wp-block-spacer\"><\/div>\n\n\n\n<div class=\"wp-block-media-text alignwide\"><figure class=\"wp-block-media-text__media\"><\/figure><div class=\"wp-block-media-text__content\">\n<p style=\"font-size:21px\"><strong>Reparaturen<\/strong><\/p>\n<\/div><\/div>\n","protected":false},"excerpt":{"rendered":"<p>Elektroinstallationen Elektroinstallationen m\u00fcssen sorgf\u00e4ltig geplant und fachm\u00e4nnisch ausgef\u00fchrt werden: Wir stehen Ihnen daf\u00fcr gerne zur Verf\u00fcgung! Krananlagen Unsere Leistungen im Bereich der Krananlagen umfassen unter anderem Neuinstallationen, Reparaturen und Wartungen. Verteilersysteme Ob als Aufputz-, als Unterputz- oder als Hohlwandvariante; Wir installieren alle Verteilersysteme. Reparaturen<\/p>\n","protected":false},"author":1,"featured_media":0,"parent":0,"menu_order":0,"comment_status":"closed","ping_status":"closed","template":"templates\/template-full-width.php","meta":{"footnotes":""},"_links":{"self":[{"href":"https:\/\/www.hahn-elektrotechnik.de\/index.php?rest_route=\/wp\/v2\/pages\/145"}],"collection":[{"href":"https:\/\/www.hahn-elektrotechnik.de\/index.php?rest_route=\/wp\/v2\/pages"}],"about":[{"href":"https:\/\/www.hahn-elektrotechnik.de\/index.php?rest_route=\/wp\/v2\/types\/page"}],"author":[{"embeddable":true,"href":"https:\/\/www.hahn-elektrotechnik.de\/index.php?rest_route=\/wp\/v2\/users\/1"}],"replies":[{"embeddable":true,"href":"https:\/\/www.hahn-elektrotechnik.de\/index.php?rest_route=%2Fwp%2Fv2%2Fcomments&post=145"}],"version-history":[{"count":15,"href":"https:\/\/www.hahn-elektrotechnik.de\/index.php?rest_route=\/wp\/v2\/pages\/145\/revisions"}],"predecessor-version":[{"id":303,"href":"https:\/\/www.hahn-elektrotechnik.de\/index.php?rest_route=\/wp\/v2\/pages\/145\/revisions\/303"}],"wp:attachment":[{"href":"https:\/\/www.hahn-elektrotechnik.de\/index.php?rest_route=%2Fwp%2Fv2%2Fmedia&parent=145"}],"curies":[{"name":"wp","href":"https:\/\/api.w.org\/{rel}","templated":true}]}}