{"id":161,"date":"2019-07-05T15:24:26","date_gmt":"2019-07-05T14:24:26","guid":{"rendered":"http:\/\/www.hahn-elektrotechnik.de\/?page_id=161"},"modified":"2019-09-10T12:54:43","modified_gmt":"2019-09-10T11:54:43","slug":"energieerzeugungsbau","status":"publish","type":"page","link":"https:\/\/www.hahn-elektrotechnik.de\/?page_id=161","title":{"rendered":"Elektroinstallationen"},"content":{"rendered":"\n<p>Unsere Angebote und Leistungen im Bereich der Elektroinstallation sind vielf\u00e4ltig.  Wir \u00fcbernehmen Elt. &#8211; Installationen f\u00fcr Privat-, Gewerbe- und   Industriekunden, einschlie\u00dflich Beleuchtungstechnik. <\/p>\n\n\n\n<ul><li>Installation und Wartung von Toranlagen<\/li><li>PV &#8211; Anlagen<\/li><li>Blitzschutz- &amp; Erdungsmessungen<\/li><li>Pr\u00fcfung DGUV V3<\/li><li>Hausinstallationen<\/li><\/ul>\n\n\n\n<div style=\"height:20px\" aria-hidden=\"true\" class=\"wp-block-spacer\"><\/div>\n\n\n\n<p>Bei weiteren Fragen, stehen wir Ihnen gerne zur Verf\u00fcgung. <\/p>\n\n\n\n<p><a href=\"http:\/\/www.hahn-elektrotechnik.de\/?page_id=144\">Kontaktieren Sie uns!<\/a> <\/p>\n","protected":false},"excerpt":{"rendered":"<p>Unsere Angebote und Leistungen im Bereich der Elektroinstallation sind vielf\u00e4ltig. Wir \u00fcbernehmen Elt. &#8211; Installationen f\u00fcr Privat-, Gewerbe- und Industriekunden, einschlie\u00dflich Beleuchtungstechnik. Installation und Wartung von Toranlagen PV &#8211; Anlagen Blitzschutz- &amp; Erdungsmessungen Pr\u00fcfung DGUV V3 Hausinstallationen Bei weiteren Fragen, stehen wir Ihnen gerne zur Verf\u00fcgung. Kontaktieren Sie uns!<\/p>\n","protected":false},"author":1,"featured_media":0,"parent":0,"menu_order":0,"comment_status":"closed","ping_status":"closed","template":"","meta":{"footnotes":""},"_links":{"self":[{"href":"https:\/\/www.hahn-elektrotechnik.de\/index.php?rest_route=\/wp\/v2\/pages\/161"}],"collection":[{"href":"https:\/\/www.hahn-elektrotechnik.de\/index.php?rest_route=\/wp\/v2\/pages"}],"about":[{"href":"https:\/\/www.hahn-elektrotechnik.de\/index.php?rest_route=\/wp\/v2\/types\/page"}],"author":[{"embeddable":true,"href":"https:\/\/www.hahn-elektrotechnik.de\/index.php?rest_route=\/wp\/v2\/users\/1"}],"replies":[{"embeddable":true,"href":"https:\/\/www.hahn-elektrotechnik.de\/index.php?rest_route=%2Fwp%2Fv2%2Fcomments&post=161"}],"version-history":[{"count":8,"href":"https:\/\/www.hahn-elektrotechnik.de\/index.php?rest_route=\/wp\/v2\/pages\/161\/revisions"}],"predecessor-version":[{"id":308,"href":"https:\/\/www.hahn-elektrotechnik.de\/index.php?rest_route=\/wp\/v2\/pages\/161\/revisions\/308"}],"wp:attachment":[{"href":"https:\/\/www.hahn-elektrotechnik.de\/index.php?rest_route=%2Fwp%2Fv2%2Fmedia&parent=161"}],"curies":[{"name":"wp","href":"https:\/\/api.w.org\/{rel}","templated":true}]}}