{"id":217,"date":"2019-07-16T08:00:22","date_gmt":"2019-07-16T07:00:22","guid":{"rendered":"http:\/\/www.hahn-elektrotechnik.de\/?page_id=217"},"modified":"2019-07-16T09:23:47","modified_gmt":"2019-07-16T08:23:47","slug":"reparaturen","status":"publish","type":"page","link":"https:\/\/www.hahn-elektrotechnik.de\/?page_id=217","title":{"rendered":"Reparaturen"},"content":{"rendered":"\n<p>In unserer Werkstatt reparieren wir alles, was einen Stecker hat. <\/p>\n\n\n\n<ul><li>gewerbliche und private Elektroger\u00e4te <\/li><li>Kabeltrommeln <\/li><li>Verl\u00e4ngerungskabel (16A, 32A, 63A, 125A)<\/li><li>elektrische Gartenger\u00e4te<\/li><li>Elektrowerkzeuge<\/li><\/ul>\n\n\n\n<p>Gerne helfen wir Ihnen auch bei anderen Ger\u00e4ten.                   <a href=\"http:\/\/www.hahn-elektrotechnik.de\/?page_id=144\">Kontaktieren Sie uns!<\/a><\/p>\n","protected":false},"excerpt":{"rendered":"<p>In unserer Werkstatt reparieren wir alles, was einen Stecker hat. gewerbliche und private Elektroger\u00e4te Kabeltrommeln Verl\u00e4ngerungskabel (16A, 32A, 63A, 125A) elektrische Gartenger\u00e4te Elektrowerkzeuge Gerne helfen wir Ihnen auch bei anderen Ger\u00e4ten. Kontaktieren Sie uns!<\/p>\n","protected":false},"author":1,"featured_media":0,"parent":0,"menu_order":0,"comment_status":"closed","ping_status":"closed","template":"","meta":{"footnotes":""},"_links":{"self":[{"href":"https:\/\/www.hahn-elektrotechnik.de\/index.php?rest_route=\/wp\/v2\/pages\/217"}],"collection":[{"href":"https:\/\/www.hahn-elektrotechnik.de\/index.php?rest_route=\/wp\/v2\/pages"}],"about":[{"href":"https:\/\/www.hahn-elektrotechnik.de\/index.php?rest_route=\/wp\/v2\/types\/page"}],"author":[{"embeddable":true,"href":"https:\/\/www.hahn-elektrotechnik.de\/index.php?rest_route=\/wp\/v2\/users\/1"}],"replies":[{"embeddable":true,"href":"https:\/\/www.hahn-elektrotechnik.de\/index.php?rest_route=%2Fwp%2Fv2%2Fcomments&post=217"}],"version-history":[{"count":4,"href":"https:\/\/www.hahn-elektrotechnik.de\/index.php?rest_route=\/wp\/v2\/pages\/217\/revisions"}],"predecessor-version":[{"id":257,"href":"https:\/\/www.hahn-elektrotechnik.de\/index.php?rest_route=\/wp\/v2\/pages\/217\/revisions\/257"}],"wp:attachment":[{"href":"https:\/\/www.hahn-elektrotechnik.de\/index.php?rest_route=%2Fwp%2Fv2%2Fmedia&parent=217"}],"curies":[{"name":"wp","href":"https:\/\/api.w.org\/{rel}","templated":true}]}}