{"id":83,"date":"2013-10-04T09:39:06","date_gmt":"2013-10-04T08:39:06","guid":{"rendered":"http:\/\/www.hahn-elektrotechnik.de\/?page_id=83"},"modified":"2019-07-05T15:35:36","modified_gmt":"2019-07-05T14:35:36","slug":"firmenprofil","status":"publish","type":"page","link":"https:\/\/www.hahn-elektrotechnik.de\/?page_id=83","title":{"rendered":"Firmenprofil"},"content":{"rendered":"<p>Die EVK ist Ihr Spezialist f\u00fcr Energieerzeugungs-, Verteilersystem- und Krananlagenbau in Nordhausen.<\/p>\n<p>Kundenservice, Innovation und Zielstrebigkeit ist ein entscheidener Erfolgsfaktor der Firma. Unser Wirkungskreis umfasst bundesweite Objekte in der Industrie, in der Verwaltung, im Gewerbe und im kommunalen Bereich.<\/p>\n<p>Wir garantieren unseren Kunden kompetentes Fachpersonal, preisg\u00fcnstige Qualit\u00e4tsarbeit und umfangreiche Serviceleistungen, welche heute und in Zukunft zu den Grundgedanken unserer Firmenpolitik geh\u00f6ren.<\/p>\n<p>Der technische Ausstattungsgrad an eigener Datentechnik, Pr\u00fcf-\/ Messtechnik, Spezialtechnik, Fahrzeugen und Ausr\u00fcstungen entspricht dem neusten Stand der Technik und ist f\u00fcr die von uns \u00fcbernommenen Leistungen angemessen.<\/p>\n<p>Ihr EVK &#8211; Nordhausen Team<\/p>\n","protected":false},"excerpt":{"rendered":"<p>Die EVK ist Ihr Spezialist f\u00fcr Energieerzeugungs-, Verteilersystem- und Krananlagenbau in Nordhausen. Kundenservice, Innovation und Zielstrebigkeit ist ein entscheidener Erfolgsfaktor der Firma. Unser Wirkungskreis umfasst bundesweite Objekte in der Industrie, in der Verwaltung, im Gewerbe und im kommunalen Bereich. Wir garantieren unseren Kunden kompetentes Fachpersonal, preisg\u00fcnstige Qualit\u00e4tsarbeit und umfangreiche Serviceleistungen, welche heute und in Zukunft &hellip; <a href=\"https:\/\/www.hahn-elektrotechnik.de\/?page_id=83\" class=\"more-link\"><span class=\"screen-reader-text\">Firmenprofil<\/span> weiterlesen <span class=\"meta-nav\">&rarr;<\/span><\/a><\/p>\n","protected":false},"author":1,"featured_media":0,"parent":138,"menu_order":0,"comment_status":"closed","ping_status":"closed","template":"templates\/template-full-width.php","meta":{"footnotes":""},"_links":{"self":[{"href":"https:\/\/www.hahn-elektrotechnik.de\/index.php?rest_route=\/wp\/v2\/pages\/83"}],"collection":[{"href":"https:\/\/www.hahn-elektrotechnik.de\/index.php?rest_route=\/wp\/v2\/pages"}],"about":[{"href":"https:\/\/www.hahn-elektrotechnik.de\/index.php?rest_route=\/wp\/v2\/types\/page"}],"author":[{"embeddable":true,"href":"https:\/\/www.hahn-elektrotechnik.de\/index.php?rest_route=\/wp\/v2\/users\/1"}],"replies":[{"embeddable":true,"href":"https:\/\/www.hahn-elektrotechnik.de\/index.php?rest_route=%2Fwp%2Fv2%2Fcomments&post=83"}],"version-history":[{"count":5,"href":"https:\/\/www.hahn-elektrotechnik.de\/index.php?rest_route=\/wp\/v2\/pages\/83\/revisions"}],"predecessor-version":[{"id":184,"href":"https:\/\/www.hahn-elektrotechnik.de\/index.php?rest_route=\/wp\/v2\/pages\/83\/revisions\/184"}],"up":[{"embeddable":true,"href":"https:\/\/www.hahn-elektrotechnik.de\/index.php?rest_route=\/wp\/v2\/pages\/138"}],"wp:attachment":[{"href":"https:\/\/www.hahn-elektrotechnik.de\/index.php?rest_route=%2Fwp%2Fv2%2Fmedia&parent=83"}],"curies":[{"name":"wp","href":"https:\/\/api.w.org\/{rel}","templated":true}]}}